{"id":89,"date":"2013-04-09T06:27:04","date_gmt":"2013-04-09T05:27:04","guid":{"rendered":"http:\/\/kungfundg.com\/en\/?page_id=89"},"modified":"2013-04-20T16:36:15","modified_gmt":"2013-04-20T15:36:15","slug":"terms-of-use","status":"publish","type":"page","link":"https:\/\/kungfundg.com\/en\/terms-of-use\/","title":{"rendered":"Terms of use"},"content":{"rendered":"<div>\n<h3>1. Terms<\/h3>\n<p>By accessing this web site, you are agreeing to be bound by these web site Terms and Conditions of Use, all applicable laws and regulations, and agree that you are responsible for compliance with any applicable local laws. If you do not agree with any of these terms, you are prohibited from using or accessing this site. The materials contained in this web site are protected by applicable copyright and trade mark law.<\/p>\n<h3>2. Use License<\/h3>\n<ol type=\"a\">\n<li>Permission is granted to temporarily download one copy of the materials (information or software) on Kung Fu Notre-Dame-de-Gr\u00e2ce&#8217;s web site for personal, non-commercial transitory viewing only. This is the grant of a license, not a transfer of title, and under this license you may not:\n<ol type=\"i\">\n<li>modify or copy the materials;<\/li>\n<li>use the materials for any commercial purpose, or for any public display (commercial or non-commercial);<\/li>\n<li>attempt to decompile or reverse engineer any software contained on Kung Fu Notre-Dame-de-Gr\u00e2ce&#8217;s web site;<\/li>\n<li>remove any copyright or other proprietary notations from the materials; or<\/li>\n<li>transfer the materials to another person or &#8220;mirror&#8221; the materials on any other server.<\/li>\n<\/ol>\n<\/li>\n<li>This license shall automatically terminate if you violate any of these restrictions and may be terminated by Kung Fu Notre-Dame-de-Gr\u00e2ce at any time. Upon terminating your viewing of these materials or upon the termination of this license, you must destroy any downloaded materials in your possession whether in electronic or printed format.<\/li>\n<\/ol>\n<h3>3. Disclaimer<\/h3>\n<ol type=\"a\">\n<li>The materials on Kung Fu Notre-Dame-de-Gr\u00e2ce&#8217;s web site are provided &#8220;as is&#8221;. Kung Fu Notre-Dame-de-Gr\u00e2ce makes no warranties, expressed or implied, and hereby disclaims and negates all other warranties, including without limitation, implied warranties or conditions of merchantability, fitness for a particular purpose, or non-infringement of intellectual property or other violation of rights. Further, Kung Fu Notre-Dame-de-Gr\u00e2ce does not warrant or make any representations concerning the accuracy, likely results, or reliability of the use of the materials on its Internet web site or otherwise relating to such materials or on any sites linked to this site.<\/li>\n<\/ol>\n<h3>4. Limitations<\/h3>\n<p>In no event shall Kung Fu Notre-Dame-de-Gr\u00e2ce or its suppliers be liable for any damages (including, without limitation, damages for loss of data or profit, or due to business interruption,) arising out of the use or inability to use the materials on Kung Fu Notre-Dame-de-Gr\u00e2ce&#8217;s Internet site, even if Kung Fu Notre-Dame-de-Gr\u00e2ce or a Kung Fu Notre-Dame-de-Gr\u00e2ce authorized representative has been notified orally or in writing of the possibility of such damage. Because some jurisdictions do not allow limitations on implied warranties, or limitations of liability for consequential or incidental damages, these limitations may not apply to you.<\/p>\n<h3>5. Revisions and Errata<\/h3>\n<p>The materials appearing on Kung Fu Notre-Dame-de-Gr\u00e2ce&#8217;s web site could include technical, typographical, or photographic errors. Kung Fu Notre-Dame-de-Gr\u00e2ce does not warrant that any of the materials on its web site are accurate, complete, or current. Kung Fu Notre-Dame-de-Gr\u00e2ce may make changes to the materials contained on its web site at any time without notice. Kung Fu Notre-Dame-de-Gr\u00e2ce does not, however, make any commitment to update the materials.<\/p>\n<h3>6. Links<\/h3>\n<p>Kung Fu Notre-Dame-de-Gr\u00e2ce has not reviewed all of the sites linked to its Internet web site and is not responsible for the contents of any such linked site. The inclusion of any link does not imply endorsement by Kung Fu Notre-Dame-de-Gr\u00e2ce of the site. Use of any such linked web site is at the user&#8217;s own risk.<\/p>\n<h3>7. Site Terms of Use Modifications<\/h3>\n<p>Kung Fu Notre-Dame-de-Gr\u00e2ce may revise these terms of use for its web site at any time without notice. By using this web site you are agreeing to be bound by the then current version of these Terms and Conditions of Use.<\/p>\n<h3>8. Governing Law<\/h3>\n<p>Any claim relating to Kung Fu Notre-Dame-de-Gr\u00e2ce&#8217;s web site shall be governed by the laws of the State of Quebec without regard to its conflict of law provisions.<\/p>\n<p>General Terms and Conditions applicable to Use of a Web Site.<\/p>\n<\/div>\n","protected":false},"excerpt":{"rendered":"<p>1. Terms By accessing this web site, you are agreeing to be bound by these web site Terms and Conditions of Use, all applicable laws and regulations, and agree that you are responsible for compliance with any applicable local laws. If you do not agree with any of these terms, you are prohibited from using [&hellip;]<\/p>\n","protected":false},"author":1,"featured_media":0,"parent":0,"menu_order":0,"comment_status":"open","ping_status":"open","template":"page.php","meta":[],"yoast_head":"<!-- This site is optimized with the Yoast SEO plugin v16.7 - https:\/\/yoast.com\/wordpress\/plugins\/seo\/ -->\n<meta name=\"robots\" content=\"noindex, nofollow\" \/>\n<meta name=\"twitter:label1\" content=\"Est. reading time\" \/>\n\t<meta name=\"twitter:data1\" content=\"3 minutes\" \/>\n<script type=\"application\/ld+json\" class=\"yoast-schema-graph\">{\"@context\":\"https:\/\/schema.org\",\"@graph\":[{\"@type\":\"WebSite\",\"@id\":\"https:\/\/kungfundg.com\/en\/#website\",\"url\":\"https:\/\/kungfundg.com\/en\/\",\"name\":\"Wu Xing Wing Chun Kung Fu School Montreal\",\"description\":\"Un site utilisant R\\u00e9seau Kung Fu NDG\",\"potentialAction\":[{\"@type\":\"SearchAction\",\"target\":{\"@type\":\"EntryPoint\",\"urlTemplate\":\"https:\/\/kungfundg.com\/en\/?s={search_term_string}\"},\"query-input\":\"required name=search_term_string\"}],\"inLanguage\":\"en-US\"},{\"@type\":\"WebPage\",\"@id\":\"http:\/\/kungfundg.com\/en\/terms-of-use\/#webpage\",\"url\":\"http:\/\/kungfundg.com\/en\/terms-of-use\/\",\"name\":\"Term of use | Wu Xing Wing Chun Kung Fu School NDG\",\"isPartOf\":{\"@id\":\"https:\/\/kungfundg.com\/en\/#website\"},\"datePublished\":\"2013-04-09T05:27:04+00:00\",\"dateModified\":\"2013-04-20T15:36:15+00:00\",\"breadcrumb\":{\"@id\":\"http:\/\/kungfundg.com\/en\/terms-of-use\/#breadcrumb\"},\"inLanguage\":\"en-US\",\"potentialAction\":[{\"@type\":\"ReadAction\",\"target\":[\"http:\/\/kungfundg.com\/en\/terms-of-use\/\"]}]},{\"@type\":\"BreadcrumbList\",\"@id\":\"http:\/\/kungfundg.com\/en\/terms-of-use\/#breadcrumb\",\"itemListElement\":[{\"@type\":\"ListItem\",\"position\":1,\"name\":\"Terms of use\"}]}]}<\/script>\n<!-- \/ Yoast SEO plugin. -->","yoast_head_json":{"robots":{"index":"noindex","follow":"nofollow"},"twitter_misc":{"Est. reading time":"3 minutes"},"schema":{"@context":"https:\/\/schema.org","@graph":[{"@type":"WebSite","@id":"https:\/\/kungfundg.com\/en\/#website","url":"https:\/\/kungfundg.com\/en\/","name":"Wu Xing Wing Chun Kung Fu School Montreal","description":"Un site utilisant R\u00e9seau Kung Fu NDG","potentialAction":[{"@type":"SearchAction","target":{"@type":"EntryPoint","urlTemplate":"https:\/\/kungfundg.com\/en\/?s={search_term_string}"},"query-input":"required name=search_term_string"}],"inLanguage":"en-US"},{"@type":"WebPage","@id":"http:\/\/kungfundg.com\/en\/terms-of-use\/#webpage","url":"http:\/\/kungfundg.com\/en\/terms-of-use\/","name":"Term of use | Wu Xing Wing Chun Kung Fu School NDG","isPartOf":{"@id":"https:\/\/kungfundg.com\/en\/#website"},"datePublished":"2013-04-09T05:27:04+00:00","dateModified":"2013-04-20T15:36:15+00:00","breadcrumb":{"@id":"http:\/\/kungfundg.com\/en\/terms-of-use\/#breadcrumb"},"inLanguage":"en-US","potentialAction":[{"@type":"ReadAction","target":["http:\/\/kungfundg.com\/en\/terms-of-use\/"]}]},{"@type":"BreadcrumbList","@id":"http:\/\/kungfundg.com\/en\/terms-of-use\/#breadcrumb","itemListElement":[{"@type":"ListItem","position":1,"name":"Terms of use"}]}]}},"_links":{"self":[{"href":"https:\/\/kungfundg.com\/en\/wp-json\/wp\/v2\/pages\/89"}],"collection":[{"href":"https:\/\/kungfundg.com\/en\/wp-json\/wp\/v2\/pages"}],"about":[{"href":"https:\/\/kungfundg.com\/en\/wp-json\/wp\/v2\/types\/page"}],"author":[{"embeddable":true,"href":"https:\/\/kungfundg.com\/en\/wp-json\/wp\/v2\/users\/1"}],"replies":[{"embeddable":true,"href":"https:\/\/kungfundg.com\/en\/wp-json\/wp\/v2\/comments?post=89"}],"version-history":[{"count":4,"href":"https:\/\/kungfundg.com\/en\/wp-json\/wp\/v2\/pages\/89\/revisions"}],"predecessor-version":[{"id":214,"href":"https:\/\/kungfundg.com\/en\/wp-json\/wp\/v2\/pages\/89\/revisions\/214"}],"wp:attachment":[{"href":"https:\/\/kungfundg.com\/en\/wp-json\/wp\/v2\/media?parent=89"}],"curies":[{"name":"wp","href":"https:\/\/api.w.org\/{rel}","templated":true}]}}